{"id":623,"date":"2017-12-20T15:25:15","date_gmt":"2017-12-20T15:25:15","guid":{"rendered":"https:\/\/dev.arcticaventure.com\/home\/"},"modified":"2025-12-10T13:22:23","modified_gmt":"2025-12-10T18:22:23","slug":"home","status":"publish","type":"page","link":"https:\/\/arcticaventure.com\/en\/","title":{"rendered":"Home"},"content":{"rendered":"<div class=\"wpb-content-wrapper\"><p>[vc_row][vc_column][vc_empty_space][\/vc_column][\/vc_row][vc_row full_width=&#8221;stretch_row_content_no_spaces&#8221; content_placement=&#8221;middle&#8221;][vc_column width=&#8221;1\/2&#8243; offset=&#8221;vc_hidden-xs&#8221;][vc_single_image image=&#8221;787&#8243; img_size=&#8221;full&#8221;][\/vc_column][vc_column width=&#8221;1\/2&#8243; el_class=&#8221;presentation-accueil&#8221;][vc_column_text css=&#8221;&#8221;]<\/p>\n<h1>Snowmobile tour in the Laurentians, Canada<\/h1>\n<p>&nbsp;<\/p>\n<p><strong>Since 1997, ARCTIC AVENTURE<\/strong> has been your specialist in snowmobiling for <strong>snowmobile rental and dog sledding excursions<\/strong> <strong>in the Laurentians, Quebec, Canada<\/strong>. A small, family-run business, Arctic Aventure is built on three core values : <strong>Safety<\/strong>, a <strong>friendly atmosphere<\/strong> and the <strong>joy of a successful experience<\/strong>\u00a0!<\/p>\n<p>We offer snowmobile tours adapted to all levels : family-friendly, scenic or more challenging.<\/p>\n<p>Our excursions range from one-hour discovery rides to full-day adventures.<\/p>\n<p>And for any special requests, don&#8217;t hesitate to contact us : we specialize in custom-designed experiences ![\/vc_column_text][\/vc_column][\/vc_row][vc_row][vc_column][vc_column_text]<\/p>\n<h2 id=\"tw-target-text\" class=\"tw-data-text tw-ta tw-text-medium\" dir=\"ltr\" style=\"text-align: center;\" data-placeholder=\"Traduction\"><span lang=\"en\">Our most popular packages<\/span><\/h2>\n<p>[\/vc_column_text][vc_row_inner][vc_column_inner][vc_basic_grid post_type=&#8221;post&#8221; max_items=&#8221;4&#8243; element_width=&#8221;3&#8243; gap=&#8221;10&#8243; item=&#8221;720&#8243; grid_id=&#8221;vc_gid:1765390713424-0e202c29-4b7d-0&#8243; taxonomies=&#8221;4&#8243; exclude=&#8221;278, 282&#8243;][\/vc_column_inner][\/vc_row_inner][vc_row_inner css=&#8221;.vc_custom_1522697078054{margin-top: -50px !important;margin-bottom: 0px !important;border-bottom-width: 0px !important;padding-bottom: 0px !important;}&#8221;][vc_column_inner css=&#8221;.vc_custom_1522697128368{padding-top: 0px !important;}&#8221;][vc_cta h2=&#8221;Snowmobile rental&#8221; txt_align=&#8221;center&#8221; add_button=&#8221;bottom&#8221; btn_title=&#8221;Learn more&#8221; btn_style=&#8221;custom&#8221; btn_custom_background=&#8221;#13abf2&#8243; btn_custom_text=&#8221;#ffffff&#8221; btn_shape=&#8221;square&#8221; btn_align=&#8221;center&#8221; btn_link=&#8221;url:https%3A%2F%2Farcticaventure.com%2Fen%2Fsnowmobile-dog-sled-rental-packages%2F|||&#8221;][\/vc_cta][vc_cta h2=&#8221;Stays and Raids&#8221; txt_align=&#8221;center&#8221; add_button=&#8221;bottom&#8221; btn_title=&#8221;Learn more&#8221; btn_style=&#8221;custom&#8221; btn_custom_background=&#8221;#13abf2&#8243; btn_custom_text=&#8221;#ffffff&#8221; btn_shape=&#8221;square&#8221; btn_align=&#8221;center&#8221; btn_link=&#8221;url:https%3A%2F%2Farcticaventure.com%2Fen%2Fsnowmobile-dog-sled-packages%2F|||&#8221; el_class=&#8221;d-none&#8221;][\/vc_cta][\/vc_column_inner][\/vc_row_inner][\/vc_column][\/vc_row][vc_row full_width=&#8221;stretch_row&#8221; css=&#8221;.vc_custom_1523300836710{padding-top: 70px !important;padding-bottom: 70px !important;background: #f2f2f2 url(https:\/\/arcticaventure.com\/wp-content\/uploads\/2018\/04\/fond-avis-1.jpg?id=612) !important;background-position: center !important;background-repeat: no-repeat !important;background-size: cover !important;}&#8221;][vc_column][vc_column_text]<\/p>\n<h2 class=\"blanc\" style=\"text-align: center;\">Customer Reviews<\/h2>\n<p>[\/vc_column_text][vc_tta_pageable no_fill_content_area=&#8221;1&#8243; active_section=&#8221;1&#8243; el_class=&#8221;blanc&#8221;][vc_tta_section title=&#8221;Section 1&#8243; tab_id=&#8221;1519938485849-62562e00-d2aa&#8221;][vc_column_text]<\/p>\n<h3 class=\"blanc\" style=\"text-align: center;\">Inoubliable<\/h3>\n<p style=\"text-align: center;\">Curieux de faire une journ\u00e9e motoneige-chiens de tra\u00eeneau, nous avons choisi de tenter l\u2019aventure avec \u00ab\u00a0Arctic Aventure\u00a0\u00bb&#8230; sans aucun regret!<br \/>\nMatin\u00e9e motoneige avec un guide au top qui nous a permis de d\u00e9couvrir diff\u00e9rentes pistes et lacs du Canada!<br \/>\nPar la suite 1 heure de chiens de tra\u00eeneau \u00e0 couper le souffle dans des petites pistes et avec deux guides tr\u00e8s gentils!<br \/>\nMerci encore pour cette journ\u00e9e inoubliable!<\/p>\n<h4 class=\"blanc\" style=\"text-align: center;\">Bastien B<\/h4>\n<p>[\/vc_column_text][\/vc_tta_section][vc_tta_section title=&#8221;Section 2&#8243; tab_id=&#8221;1519938485866-a31829b2-9f0b&#8221;][vc_column_text]<\/p>\n<h3 class=\"blanc\" style=\"text-align: center;\">Une journ\u00e9e de fun en moto-neige!<\/h3>\n<p style=\"text-align: center;\">Une super demi-journ\u00e9e de balade en moto-neige accompagn\u00e9 de Jean-Marie! 3h de balade sur les sentiers autour de Saint-Ad\u00e8le, des lacs gel\u00e9s, des sensations fortes (si vous vous piquez \u00e0 vouloir suivre Jean-Marie, accrochez vous \ud83d\ude09 !). Bref je recommande 100 fois!<\/p>\n<h4 class=\"blanc\" style=\"text-align: center;\">Octavie A<\/h4>\n<p>[\/vc_column_text][\/vc_tta_section][vc_tta_section title=&#8221;Section&#8221; tab_id=&#8221;1519938889107-7a4c2e7b-8ad7&#8243;][vc_column_text]<\/p>\n<h3 class=\"blanc\" style=\"text-align: center;\">A recommander!<\/h3>\n<p style=\"text-align: center;\">La grande classe avec notre guide Mario! On \u00e9tait 3 copains et apr\u00e8s 3 jours de Ski-Doo juste envie de revenir l\u2019ann\u00e9e prochaine.<\/p>\n<h4 class=\"blanc\" style=\"text-align: center;\">Yanick S<\/h4>\n<p>[\/vc_column_text][\/vc_tta_section][\/vc_tta_pageable][\/vc_column][\/vc_row]<\/p>\n<\/div>","protected":false},"excerpt":{"rendered":"<p>[vc_row][vc_column][vc_empty_space][\/vc_column][\/vc_row][vc_row full_width=&#8221;stretch_row_content_no_spaces&#8221; content_placement=&#8221;middle&#8221;][vc_column width=&#8221;1\/2&#8243; offset=&#8221;vc_hidden-xs&#8221;][vc_single_image image=&#8221;787&#8243; img_size=&#8221;full&#8221;][\/vc_column][vc_column width=&#8221;1\/2&#8243; el_class=&#8221;presentation-accueil&#8221;][vc_column_text css=&#8221;&#8221;] Snowmobile tour in the Laurentians, Canada &nbsp; Since 1997, ARCTIC AVENTURE has been your specialist in<span class=\"excerpt-hellip\"> [\u2026]<\/span><\/p>\n","protected":false},"author":1,"featured_media":-1,"parent":0,"menu_order":0,"comment_status":"closed","ping_status":"closed","template":"","meta":{"_acf_changed":false,"footnotes":""},"class_list":["post-623","page","type-page","status-publish","has-post-thumbnail","hentry"],"acf":[],"yoast_head":"<!-- This site is optimized with the Yoast SEO plugin v26.8 - https:\/\/yoast.com\/product\/yoast-seo-wordpress\/ -->\n<title>Snowmobile tour Quebec, Canada - Arctic Aventure<\/title>\n<meta name=\"description\" content=\"Situated less than an hour away from Montreal, we are your specialist for your snowmobile tour and winter activities in Quebec, Canada.\" \/>\n<meta name=\"robots\" content=\"index, follow, max-snippet:-1, max-image-preview:large, max-video-preview:-1\" \/>\n<link rel=\"canonical\" href=\"https:\/\/arcticaventure.com\/en\/\" \/>\n<meta property=\"og:locale\" content=\"en_US\" \/>\n<meta property=\"og:type\" content=\"article\" \/>\n<meta property=\"og:title\" content=\"Snowmobile tour Quebec, Canada - Arctic Aventure\" \/>\n<meta property=\"og:description\" content=\"Situated less than an hour away from Montreal, we are your specialist for your snowmobile tour and winter activities in Quebec, Canada.\" \/>\n<meta property=\"og:url\" content=\"https:\/\/arcticaventure.com\/en\/\" \/>\n<meta property=\"og:site_name\" content=\"Arctic Aventure\" \/>\n<meta property=\"article:modified_time\" content=\"2025-12-10T18:22:23+00:00\" \/>\n<meta name=\"twitter:card\" content=\"summary_large_image\" \/>\n<meta name=\"twitter:label1\" content=\"Est. reading time\" \/>\n\t<meta name=\"twitter:data1\" content=\"2 minutes\" \/>\n<script type=\"application\/ld+json\" class=\"yoast-schema-graph\">{\"@context\":\"https:\/\/schema.org\",\"@graph\":[{\"@type\":\"WebPage\",\"@id\":\"https:\/\/arcticaventure.com\/en\/\",\"url\":\"https:\/\/arcticaventure.com\/en\/\",\"name\":\"Snowmobile tour Quebec, Canada - Arctic Aventure\",\"isPartOf\":{\"@id\":\"https:\/\/arcticaventure.com\/en\/#website\"},\"datePublished\":\"2017-12-20T15:25:15+00:00\",\"dateModified\":\"2025-12-10T18:22:23+00:00\",\"description\":\"Situated less than an hour away from Montreal, we are your specialist for your snowmobile tour and winter activities in Quebec, Canada.\",\"breadcrumb\":{\"@id\":\"https:\/\/arcticaventure.com\/en\/#breadcrumb\"},\"inLanguage\":\"en-US\",\"potentialAction\":[{\"@type\":\"ReadAction\",\"target\":[\"https:\/\/arcticaventure.com\/en\/\"]}]},{\"@type\":\"BreadcrumbList\",\"@id\":\"https:\/\/arcticaventure.com\/en\/#breadcrumb\",\"itemListElement\":[{\"@type\":\"ListItem\",\"position\":1,\"name\":\"Accueil\",\"item\":\"https:\/\/arcticaventure.com\/en\/\"},{\"@type\":\"ListItem\",\"position\":2,\"name\":\"Home\"}]},{\"@type\":\"WebSite\",\"@id\":\"https:\/\/arcticaventure.com\/en\/#website\",\"url\":\"https:\/\/arcticaventure.com\/en\/\",\"name\":\"Arctic Aventure\",\"description\":\"Forfaits de location de motoneiges\",\"potentialAction\":[{\"@type\":\"SearchAction\",\"target\":{\"@type\":\"EntryPoint\",\"urlTemplate\":\"https:\/\/arcticaventure.com\/en\/?s={search_term_string}\"},\"query-input\":{\"@type\":\"PropertyValueSpecification\",\"valueRequired\":true,\"valueName\":\"search_term_string\"}}],\"inLanguage\":\"en-US\"}]}<\/script>\n<!-- \/ Yoast SEO plugin. -->","yoast_head_json":{"title":"Snowmobile tour Quebec, Canada - Arctic Aventure","description":"Situated less than an hour away from Montreal, we are your specialist for your snowmobile tour and winter activities in Quebec, Canada.","robots":{"index":"index","follow":"follow","max-snippet":"max-snippet:-1","max-image-preview":"max-image-preview:large","max-video-preview":"max-video-preview:-1"},"canonical":"https:\/\/arcticaventure.com\/en\/","og_locale":"en_US","og_type":"article","og_title":"Snowmobile tour Quebec, Canada - Arctic Aventure","og_description":"Situated less than an hour away from Montreal, we are your specialist for your snowmobile tour and winter activities in Quebec, Canada.","og_url":"https:\/\/arcticaventure.com\/en\/","og_site_name":"Arctic Aventure","article_modified_time":"2025-12-10T18:22:23+00:00","twitter_card":"summary_large_image","twitter_misc":{"Est. reading time":"2 minutes"},"schema":{"@context":"https:\/\/schema.org","@graph":[{"@type":"WebPage","@id":"https:\/\/arcticaventure.com\/en\/","url":"https:\/\/arcticaventure.com\/en\/","name":"Snowmobile tour Quebec, Canada - Arctic Aventure","isPartOf":{"@id":"https:\/\/arcticaventure.com\/en\/#website"},"datePublished":"2017-12-20T15:25:15+00:00","dateModified":"2025-12-10T18:22:23+00:00","description":"Situated less than an hour away from Montreal, we are your specialist for your snowmobile tour and winter activities in Quebec, Canada.","breadcrumb":{"@id":"https:\/\/arcticaventure.com\/en\/#breadcrumb"},"inLanguage":"en-US","potentialAction":[{"@type":"ReadAction","target":["https:\/\/arcticaventure.com\/en\/"]}]},{"@type":"BreadcrumbList","@id":"https:\/\/arcticaventure.com\/en\/#breadcrumb","itemListElement":[{"@type":"ListItem","position":1,"name":"Accueil","item":"https:\/\/arcticaventure.com\/en\/"},{"@type":"ListItem","position":2,"name":"Home"}]},{"@type":"WebSite","@id":"https:\/\/arcticaventure.com\/en\/#website","url":"https:\/\/arcticaventure.com\/en\/","name":"Arctic Aventure","description":"Forfaits de location de motoneiges","potentialAction":[{"@type":"SearchAction","target":{"@type":"EntryPoint","urlTemplate":"https:\/\/arcticaventure.com\/en\/?s={search_term_string}"},"query-input":{"@type":"PropertyValueSpecification","valueRequired":true,"valueName":"search_term_string"}}],"inLanguage":"en-US"}]}},"_links":{"self":[{"href":"https:\/\/arcticaventure.com\/en\/wp-json\/wp\/v2\/pages\/623","targetHints":{"allow":["GET"]}}],"collection":[{"href":"https:\/\/arcticaventure.com\/en\/wp-json\/wp\/v2\/pages"}],"about":[{"href":"https:\/\/arcticaventure.com\/en\/wp-json\/wp\/v2\/types\/page"}],"author":[{"embeddable":true,"href":"https:\/\/arcticaventure.com\/en\/wp-json\/wp\/v2\/users\/1"}],"replies":[{"embeddable":true,"href":"https:\/\/arcticaventure.com\/en\/wp-json\/wp\/v2\/comments?post=623"}],"version-history":[{"count":11,"href":"https:\/\/arcticaventure.com\/en\/wp-json\/wp\/v2\/pages\/623\/revisions"}],"predecessor-version":[{"id":1547,"href":"https:\/\/arcticaventure.com\/en\/wp-json\/wp\/v2\/pages\/623\/revisions\/1547"}],"wp:featuredmedia":[{"embeddable":true,"href":"https:\/\/arcticaventure.com\/en\/wp-json\/"}],"wp:attachment":[{"href":"https:\/\/arcticaventure.com\/en\/wp-json\/wp\/v2\/media?parent=623"}],"curies":[{"name":"wp","href":"https:\/\/api.w.org\/{rel}","templated":true}]}}